{"id":132,"date":"2024-07-15T17:36:37","date_gmt":"2024-07-15T15:36:37","guid":{"rendered":"https:\/\/la-yourte.fr\/?page_id=132"},"modified":"2024-07-15T17:37:07","modified_gmt":"2024-07-15T15:37:07","slug":"132-2","status":"publish","type":"page","link":"https:\/\/la-yourte.fr\/index.php\/132-2\/","title":{"rendered":"\u00c9v\u00e8nement \u00e0 venir"},"content":{"rendered":"<p>[et_pb_section fb_built=&#8221;1&#8243; theme_builder_area=&#8221;post_content&#8221; _builder_version=&#8221;4.26.1&#8243; _module_preset=&#8221;default&#8221;][et_pb_row _builder_version=&#8221;4.26.1&#8243; _module_preset=&#8221;default&#8221; theme_builder_area=&#8221;post_content&#8221;][et_pb_column _builder_version=&#8221;4.26.1&#8243; _module_preset=&#8221;default&#8221; type=&#8221;4_4&#8243; theme_builder_area=&#8221;post_content&#8221;][et_pb_text _builder_version=&#8221;4.26.1&#8243; _module_preset=&#8221;default&#8221; theme_builder_area=&#8221;post_content&#8221; hover_enabled=&#8221;0&#8243; sticky_enabled=&#8221;0&#8243;]<\/p>\n<h1>On arrive bient\u00f4t !<\/h1>\n<p>[\/et_pb_text][\/et_pb_column][\/et_pb_row][\/et_pb_section]<\/p>\n","protected":false},"excerpt":{"rendered":"<p>On arrive bient\u00f4t !<\/p>\n","protected":false},"author":1,"featured_media":0,"parent":0,"menu_order":0,"comment_status":"closed","ping_status":"closed","template":"","meta":{"_et_pb_use_builder":"on","_et_pb_old_content":"","_et_gb_content_width":"","footnotes":""},"class_list":["post-132","page","type-page","status-publish","hentry"],"yoast_head":"<!-- This site is optimized with the Yoast SEO plugin v23.0 - https:\/\/yoast.com\/wordpress\/plugins\/seo\/ -->\n<title>\u00c9v\u00e8nement \u00e0 venir - La Yourte<\/title>\n<meta name=\"robots\" content=\"index, follow, max-snippet:-1, max-image-preview:large, max-video-preview:-1\" \/>\n<link rel=\"canonical\" href=\"https:\/\/la-yourte.fr\/index.php\/132-2\/\" \/>\n<meta property=\"og:locale\" content=\"en_US\" \/>\n<meta property=\"og:type\" content=\"article\" \/>\n<meta property=\"og:title\" content=\"\u00c9v\u00e8nement \u00e0 venir - La Yourte\" \/>\n<meta property=\"og:description\" content=\"On arrive bient\u00f4t !\" \/>\n<meta property=\"og:url\" content=\"https:\/\/la-yourte.fr\/index.php\/132-2\/\" \/>\n<meta property=\"og:site_name\" content=\"La Yourte\" \/>\n<meta property=\"article:modified_time\" content=\"2024-07-15T15:37:07+00:00\" \/>\n<meta name=\"twitter:card\" content=\"summary_large_image\" \/>\n<script type=\"application\/ld+json\" class=\"yoast-schema-graph\">{\"@context\":\"https:\/\/schema.org\",\"@graph\":[{\"@type\":\"WebPage\",\"@id\":\"https:\/\/la-yourte.fr\/index.php\/132-2\/\",\"url\":\"https:\/\/la-yourte.fr\/index.php\/132-2\/\",\"name\":\"\u00c9v\u00e8nement \u00e0 venir - La Yourte\",\"isPartOf\":{\"@id\":\"https:\/\/la-yourte.fr\/#website\"},\"datePublished\":\"2024-07-15T15:36:37+00:00\",\"dateModified\":\"2024-07-15T15:37:07+00:00\",\"breadcrumb\":{\"@id\":\"https:\/\/la-yourte.fr\/index.php\/132-2\/#breadcrumb\"},\"inLanguage\":\"en-US\",\"potentialAction\":[{\"@type\":\"ReadAction\",\"target\":[\"https:\/\/la-yourte.fr\/index.php\/132-2\/\"]}]},{\"@type\":\"BreadcrumbList\",\"@id\":\"https:\/\/la-yourte.fr\/index.php\/132-2\/#breadcrumb\",\"itemListElement\":[{\"@type\":\"ListItem\",\"position\":1,\"name\":\"Accueil\",\"item\":\"https:\/\/la-yourte.fr\/\"},{\"@type\":\"ListItem\",\"position\":2,\"name\":\"\u00c9v\u00e8nement \u00e0 venir\"}]},{\"@type\":\"WebSite\",\"@id\":\"https:\/\/la-yourte.fr\/#website\",\"url\":\"https:\/\/la-yourte.fr\/\",\"name\":\"La Yourte\",\"description\":\"\",\"potentialAction\":[{\"@type\":\"SearchAction\",\"target\":{\"@type\":\"EntryPoint\",\"urlTemplate\":\"https:\/\/la-yourte.fr\/?s={search_term_string}\"},\"query-input\":\"required name=search_term_string\"}],\"inLanguage\":\"en-US\"}]}<\/script>\n<!-- \/ Yoast SEO plugin. -->","yoast_head_json":{"title":"\u00c9v\u00e8nement \u00e0 venir - La Yourte","robots":{"index":"index","follow":"follow","max-snippet":"max-snippet:-1","max-image-preview":"max-image-preview:large","max-video-preview":"max-video-preview:-1"},"canonical":"https:\/\/la-yourte.fr\/index.php\/132-2\/","og_locale":"en_US","og_type":"article","og_title":"\u00c9v\u00e8nement \u00e0 venir - La Yourte","og_description":"On arrive bient\u00f4t !","og_url":"https:\/\/la-yourte.fr\/index.php\/132-2\/","og_site_name":"La Yourte","article_modified_time":"2024-07-15T15:37:07+00:00","twitter_card":"summary_large_image","schema":{"@context":"https:\/\/schema.org","@graph":[{"@type":"WebPage","@id":"https:\/\/la-yourte.fr\/index.php\/132-2\/","url":"https:\/\/la-yourte.fr\/index.php\/132-2\/","name":"\u00c9v\u00e8nement \u00e0 venir - La Yourte","isPartOf":{"@id":"https:\/\/la-yourte.fr\/#website"},"datePublished":"2024-07-15T15:36:37+00:00","dateModified":"2024-07-15T15:37:07+00:00","breadcrumb":{"@id":"https:\/\/la-yourte.fr\/index.php\/132-2\/#breadcrumb"},"inLanguage":"en-US","potentialAction":[{"@type":"ReadAction","target":["https:\/\/la-yourte.fr\/index.php\/132-2\/"]}]},{"@type":"BreadcrumbList","@id":"https:\/\/la-yourte.fr\/index.php\/132-2\/#breadcrumb","itemListElement":[{"@type":"ListItem","position":1,"name":"Accueil","item":"https:\/\/la-yourte.fr\/"},{"@type":"ListItem","position":2,"name":"\u00c9v\u00e8nement \u00e0 venir"}]},{"@type":"WebSite","@id":"https:\/\/la-yourte.fr\/#website","url":"https:\/\/la-yourte.fr\/","name":"La Yourte","description":"","potentialAction":[{"@type":"SearchAction","target":{"@type":"EntryPoint","urlTemplate":"https:\/\/la-yourte.fr\/?s={search_term_string}"},"query-input":"required name=search_term_string"}],"inLanguage":"en-US"}]}},"_links":{"self":[{"href":"https:\/\/la-yourte.fr\/index.php\/wp-json\/wp\/v2\/pages\/132","targetHints":{"allow":["GET"]}}],"collection":[{"href":"https:\/\/la-yourte.fr\/index.php\/wp-json\/wp\/v2\/pages"}],"about":[{"href":"https:\/\/la-yourte.fr\/index.php\/wp-json\/wp\/v2\/types\/page"}],"author":[{"embeddable":true,"href":"https:\/\/la-yourte.fr\/index.php\/wp-json\/wp\/v2\/users\/1"}],"replies":[{"embeddable":true,"href":"https:\/\/la-yourte.fr\/index.php\/wp-json\/wp\/v2\/comments?post=132"}],"version-history":[{"count":3,"href":"https:\/\/la-yourte.fr\/index.php\/wp-json\/wp\/v2\/pages\/132\/revisions"}],"predecessor-version":[{"id":135,"href":"https:\/\/la-yourte.fr\/index.php\/wp-json\/wp\/v2\/pages\/132\/revisions\/135"}],"wp:attachment":[{"href":"https:\/\/la-yourte.fr\/index.php\/wp-json\/wp\/v2\/media?parent=132"}],"curies":[{"name":"wp","href":"https:\/\/api.w.org\/{rel}","templated":true}]}}